{"id":218,"date":"2024-07-25T12:49:31","date_gmt":"2024-07-25T12:49:31","guid":{"rendered":"https:\/\/europosinvesticijos.lt\/?page_id=218"},"modified":"2025-03-19T09:57:41","modified_gmt":"2025-03-19T09:57:41","slug":"es-parama","status":"publish","type":"page","link":"https:\/\/europosinvesticijos.lt\/?page_id=218","title":{"rendered":"ES PARAMA"},"content":{"rendered":"\n<p><\/p>\n\n\n\n<figure class=\"wp-block-image size-full\"><img loading=\"lazy\" decoding=\"async\" width=\"936\" height=\"215\" src=\"https:\/\/europosinvesticijos.lt\/wp-content\/uploads\/2025\/02\/image.png\" alt=\"\" class=\"wp-image-242\" srcset=\"https:\/\/europosinvesticijos.lt\/wp-content\/uploads\/2025\/02\/image.png 936w, https:\/\/europosinvesticijos.lt\/wp-content\/uploads\/2025\/02\/image-300x69.png 300w, https:\/\/europosinvesticijos.lt\/wp-content\/uploads\/2025\/02\/image-768x176.png 768w\" sizes=\"auto, (max-width: 936px) 100vw, 936px\" \/><\/figure>\n\n\n\n<p><strong>MB UNO GRUP\u0116 \u012fgyvendina dalinai ES finansuojam\u0105<\/strong><strong> <\/strong><strong>projekt<\/strong><strong>\u0105<\/strong><strong> <\/strong><strong><\/strong><\/p>\n\n\n\n<p>Projekto pavadinimas &#8211; Skaitmeninio \u010dekio parama.<\/p>\n\n\n\n<p>Projekto tikslas \u2013 Atlikti proces\u0173 audit\u0105, analiz\u0119, pateikti rekomendacijas d\u0117l skaitmenini\u0173 inovacij\u0173 diegimo ir konsultacijas d\u0117l skaitmenininimo, Dirbtinio intelekto programin\u0117s \u012frangos panaudojimo \u012fmon\u0117s veikloje.<\/p>\n\n\n\n<p>Projekto sprend\u017eiamos problemos:<\/p>\n\n\n\n<p>Projekto metu bus atliktas proces\u0173 auditas, analiz\u0117, pateiktos rekomendacijos d\u0117l skaitmenini\u0173 inovacij\u0173 diegimo ir konsultacijos d\u0117l skaitmenininimo, Dirbtinio intelekto programin\u0117s \u012frangos panaudojimo \u012fvertinimas \u012fmon\u0117s vidines ir i\u0161orin\u0117s komunikacijos ir kit\u0173 proces\u0173 efektyvinimui.<\/p>\n\n\n\n<p>Projekto veikl\u0173 vykdymo prad\u017eia: 2024-11-26 d.<\/p>\n\n\n\n<p>Projekto veikl\u0173 vykdymo pabaiga: 2025-11-26 d.<\/p>\n\n\n\n<p>Projekto vert\u0117: 12 298,20 Eur<\/p>\n\n\n\n<p>ES finansavimas: 6 000,00 Eur<\/p>\n\n\n\n<p>Bendrai finansuoja Europos S\u0105junga<\/p>\n\n\n\n<p><\/p>\n\n\n\n<figure class=\"wp-block-image size-large\"><img loading=\"lazy\" decoding=\"async\" width=\"1024\" height=\"285\" src=\"https:\/\/europosinvesticijos.lt\/wp-content\/uploads\/2024\/07\/Picture1-3-1024x285.png\" alt=\"\" class=\"wp-image-236\" srcset=\"https:\/\/europosinvesticijos.lt\/wp-content\/uploads\/2024\/07\/Picture1-3-1024x285.png 1024w, https:\/\/europosinvesticijos.lt\/wp-content\/uploads\/2024\/07\/Picture1-3-300x83.png 300w, https:\/\/europosinvesticijos.lt\/wp-content\/uploads\/2024\/07\/Picture1-3-768x213.png 768w, https:\/\/europosinvesticijos.lt\/wp-content\/uploads\/2024\/07\/Picture1-3-1536x427.png 1536w, https:\/\/europosinvesticijos.lt\/wp-content\/uploads\/2024\/07\/Picture1-3-2048x569.png 2048w\" sizes=\"auto, (max-width: 1024px) 100vw, 1024px\" \/><\/figure>\n\n\n\n<figure class=\"wp-block-image size-large\"><img loading=\"lazy\" decoding=\"async\" width=\"1024\" height=\"364\" src=\"https:\/\/europosinvesticijos.lt\/wp-content\/uploads\/2025\/03\/naujos-kartos-1024x364.png\" alt=\"\" class=\"wp-image-245\" srcset=\"https:\/\/europosinvesticijos.lt\/wp-content\/uploads\/2025\/03\/naujos-kartos-1024x364.png 1024w, https:\/\/europosinvesticijos.lt\/wp-content\/uploads\/2025\/03\/naujos-kartos-300x107.png 300w, https:\/\/europosinvesticijos.lt\/wp-content\/uploads\/2025\/03\/naujos-kartos-768x273.png 768w, https:\/\/europosinvesticijos.lt\/wp-content\/uploads\/2025\/03\/naujos-kartos-1536x546.png 1536w, https:\/\/europosinvesticijos.lt\/wp-content\/uploads\/2025\/03\/naujos-kartos.png 1832w\" sizes=\"auto, (max-width: 1024px) 100vw, 1024px\" \/><\/figure>\n\n\n\n<p><strong>MB &#8220;<\/strong><strong>Uno grup\u0117<\/strong><strong>&#8221; <\/strong><strong>\u012fgyvendina dalinai <\/strong><strong>Europos <\/strong><strong>S\u0105jungos finansuojam\u0105<\/strong><strong>&nbsp;<\/strong><strong>projekt\u0105<\/strong><strong><\/strong><\/p>\n\n\n\n<p>Projekto pavadinimas &#8211; \u201eCARDIOCOPILOT &#8211; DIRBTINIU INTELEKTU PAGR\u012eSTO \u0160IRDIES IR KRAUJAGYSLI\u0172 LIG\u0172 PREVENCIJOS BEI SVEIKATINIMO \u012eRANKIO \u2013 VIRTUALAUS KONSULTANTO &#8211; SUK\u016aRIMAS\u201c<\/p>\n\n\n\n<p>Projekto tikslas \u2013 sukurti DI technologijomis pagr\u012fst\u0105 virtual\u0173 konsultant\u0105, skirt\u0105 teikti individualizuotas sveikatinimo konsultacijas pacientams bei tarpininkauti tarp pacient\u0173 ir sveikatos prie\u017ei\u016bros specialist\u0173. Projekto veikla \u2013 naudojamas paie\u0161kos kriterij\u0173 generavimui ir preki\u0173 paie\u0161kai bei pasi\u016blym\u0173 ir &nbsp;ekomendacij\u0173 pateikimui vartotojui.<\/p>\n\n\n\n<p>Projektu sprend\u017eiamos problemos: Projekto metu planuojama sukurti dirbtiniu intelektu (DI) pagr\u012fst\u0105 virtual\u0173 konsultant\u0105,kuris, remdamasis naujausi\u0173 klinikini\u0173 tyrim\u0173, ekspert\u0173 i\u0161vadomis ir mokslin\u0117s literat\u016bros analize tarpininkaut\u0173 tarp vartotojo ir sveikos gyvensenos specialisto ar gydytojo. Virtualus konsultantas teikt\u0173 individualizuotas konsultacijas, susijusias su arterine hipertenzija, dislipidemija, cukriniu diabetu ir sveikatinimo klausimais (fiziniu kr\u016bviu, dieta). Be to, \u012frankis b\u016bt\u0173 suprojektuotas taip, kad gal\u0117t\u0173 b\u016bti apmokytas konsultuoti ir kit\u0173 b\u016bkli\u0173 klausimais bei tai atlikt\u0173 \u012fvairiomis kalbomis.<\/p>\n\n\n\n<p>Projekt\u0105 dalinai finansuoja Europos S\u0105junga pagal priemon\u0119 \u201eNext Generation EU\u201c.<\/p>\n\n\n\n<p>Projekto veikl\u0173 vykdymo prad\u017eia: 2024&nbsp;m. bir\u017eelio m\u0117n.&nbsp;<\/p>\n\n\n\n<p>Projekto veikl\u0173 vykdymo pabaiga: 2025&nbsp;m. bir\u017eelio m\u0117n.<\/p>\n\n\n\n<p>Projekto vert\u0117: 116 000,00 Eur<\/p>\n\n\n\n<p>ES finansavimas: 86 000,00 Eur<\/p>\n","protected":false},"excerpt":{"rendered":"<p>MB UNO GRUP\u0116 \u012fgyvendina dalinai ES finansuojam\u0105 projekt\u0105 Projekto pavadinimas &#8211; Skaitmeninio \u010dekio parama. Projekto [&hellip;]<\/p>\n","protected":false},"author":1,"featured_media":0,"parent":0,"menu_order":0,"comment_status":"closed","ping_status":"closed","template":"","meta":{"om_disable_all_campaigns":false,"_monsterinsights_skip_tracking":false,"_monsterinsights_sitenote_active":false,"_monsterinsights_sitenote_note":"","_monsterinsights_sitenote_category":0,"footnotes":""},"class_list":["post-218","page","type-page","status-publish","hentry"],"aioseo_notices":[],"_links":{"self":[{"href":"https:\/\/europosinvesticijos.lt\/index.php?rest_route=\/wp\/v2\/pages\/218","targetHints":{"allow":["GET"]}}],"collection":[{"href":"https:\/\/europosinvesticijos.lt\/index.php?rest_route=\/wp\/v2\/pages"}],"about":[{"href":"https:\/\/europosinvesticijos.lt\/index.php?rest_route=\/wp\/v2\/types\/page"}],"author":[{"embeddable":true,"href":"https:\/\/europosinvesticijos.lt\/index.php?rest_route=\/wp\/v2\/users\/1"}],"replies":[{"embeddable":true,"href":"https:\/\/europosinvesticijos.lt\/index.php?rest_route=%2Fwp%2Fv2%2Fcomments&post=218"}],"version-history":[{"count":6,"href":"https:\/\/europosinvesticijos.lt\/index.php?rest_route=\/wp\/v2\/pages\/218\/revisions"}],"predecessor-version":[{"id":246,"href":"https:\/\/europosinvesticijos.lt\/index.php?rest_route=\/wp\/v2\/pages\/218\/revisions\/246"}],"wp:attachment":[{"href":"https:\/\/europosinvesticijos.lt\/index.php?rest_route=%2Fwp%2Fv2%2Fmedia&parent=218"}],"curies":[{"name":"wp","href":"https:\/\/api.w.org\/{rel}","templated":true}]}}